{"id":12,"date":"2012-03-16T18:25:16","date_gmt":"2012-03-16T18:25:16","guid":{"rendered":"http:\/\/www.ystagrillarn.se\/wordpress\/?page_id=12"},"modified":"2012-03-17T10:22:19","modified_gmt":"2012-03-17T10:22:19","slug":"gasters-kommentarer","status":"publish","type":"page","link":"http:\/\/www.ystagrillarn.se\/?page_id=12","title":{"rendered":"G\u00e4sters kommentarer"},"content":{"rendered":"<p>Era kommentarer betyder mycket f\u00f6r oss.\u00a0Det fanns p\u00e5 den tidigare hemsidan en g\u00e4stbok d\u00e4r det kom in s\u00e5 mycket fina kommentarer att vi har valt att spara dessa. Om ni vill skriva kommentarer nu s\u00e5 h\u00e4nvisar vi till <a href=\"..\/\">framsidan<\/a> d\u00e4r ni m.h.a. facebook kan skriva kommentarer.<\/p>\n<p>&nbsp;<\/p>\n<table width=\"100%\" border=\"0\" cellspacing=\"0\" cellpadding=\"0\">\n<tbody>\n<tr>\n<td valign=\"top\" width=\"70\"><strong>Postad:<\/strong><\/td>\n<td valign=\"top\">2011-06-09 -&gt; 18:32<\/td>\n<\/tr>\n<tr>\n<td valign=\"top\" width=\"70\"><strong>Namn:<\/strong><\/td>\n<td valign=\"top\">Jenny &amp; Jimmy Thoresen<\/td>\n<\/tr>\n<tr>\n<td valign=\"top\" width=\"70\"><strong>Meddelande:<\/strong><\/td>\n<td valign=\"top\">Tusen tack f\u00f6r den fantastiska maten p\u00e5 v\u00e5rt br\u00f6llop 4\/6 2011!<br \/>\nAlla g\u00e4ster tyckte det var supergott och ni var j\u00e4tte trevliga och proffessionella!Rekomenderar er varmt!!<\/td>\n<\/tr>\n<\/tbody>\n<\/table>\n<p>&nbsp;<\/p>\n<table width=\"100%\" border=\"0\" cellspacing=\"0\" cellpadding=\"0\">\n<tbody>\n<tr>\n<td valign=\"top\" width=\"70\"><strong>Postad:<\/strong><\/td>\n<td valign=\"top\">2011-05-30 -&gt; 15:39<\/td>\n<\/tr>\n<tr>\n<td valign=\"top\" width=\"70\"><strong>Namn:<\/strong><\/td>\n<td valign=\"top\">Stephan och Sandra Cronholm<\/td>\n<\/tr>\n<tr>\n<td valign=\"top\" width=\"70\"><strong>Meddelande:<\/strong><\/td>\n<td valign=\"top\">Tack f\u00f6r den fantastiska maten, helt perfekt grillat. Alla tyckte det var v\u00e4ldigt gott inklusive hunden!!!<\/td>\n<\/tr>\n<\/tbody>\n<\/table>\n<p>&nbsp;<\/p>\n<table width=\"100%\" border=\"0\" cellspacing=\"0\" cellpadding=\"0\">\n<tbody>\n<tr>\n<td valign=\"top\" width=\"70\"><strong>Postad:<\/strong><\/td>\n<td valign=\"top\">2011-05-24 -&gt; 8:41<\/td>\n<\/tr>\n<tr>\n<td valign=\"top\" width=\"70\"><strong>Namn:<\/strong><\/td>\n<td valign=\"top\">Malin Lind\u00e9n<\/td>\n<\/tr>\n<tr>\n<td valign=\"top\" width=\"70\"><strong>Meddelande:<\/strong><\/td>\n<td valign=\"top\">Vi vill bara tacka \u00e4n en g\u00e5ng f\u00f6r en helt fantastiskt meny. Vilken mat!! Blev verkligen uppskattat av v\u00e5ra g\u00e4ster. Vi kommer varmt rekomendera er till alla som ska ha fest av olika slag!! Ett stort tack. Therese &amp; Malin<\/td>\n<\/tr>\n<\/tbody>\n<\/table>\n<p>&nbsp;<\/p>\n<table width=\"100%\" border=\"0\" cellspacing=\"0\" cellpadding=\"0\">\n<tbody>\n<tr>\n<td valign=\"top\" width=\"70\"><strong>Postad:<\/strong><\/td>\n<td valign=\"top\">2010-10-29 -&gt; 7:57<\/td>\n<\/tr>\n<tr>\n<td valign=\"top\" width=\"70\"><strong>Namn:<\/strong><\/td>\n<td valign=\"top\">Luis<\/td>\n<\/tr>\n<tr>\n<td valign=\"top\" width=\"70\"><strong>Meddelande:<\/strong><\/td>\n<td valign=\"top\">Jag tar m\u00f6jlighet att s\u00e4ger igen vad jag sade p\u00e5 L\u00f6rdag:<br \/>\ndet har varit en n\u00f6je att g\u00f6ra aff\u00e4r med dig. Mat var perfekt men det m\u00e5nga andra har<br \/>\ns\u00e4kert sagt till dig innan. F\u00f6rutom det var jag alltid imponerat av hur v\u00e4nlig du var<br \/>\ni telefon (och visst ocks\u00e5 personligt). Du g\u00f6r s\u00e5 att en kund k\u00e4nner sig speciel, och det \u00e4r det viktigaste.<br \/>\nOm det n\u00e5n g\u00e5ng h\u00e4nder igen att jag ordnar en annan fest i Sverige har jag ingen tveksam om vem jag ska har att fixa maten.<\/td>\n<\/tr>\n<\/tbody>\n<\/table>\n<p>&nbsp;<\/p>\n<table width=\"100%\" border=\"0\" cellspacing=\"0\" cellpadding=\"0\">\n<tbody>\n<tr>\n<td valign=\"top\" width=\"70\"><strong>Postad:<\/strong><\/td>\n<td valign=\"top\">2010-08-02 -&gt; 17:21<\/td>\n<\/tr>\n<tr>\n<td valign=\"top\" width=\"70\"><strong>Namn:<\/strong><\/td>\n<td valign=\"top\">Git och Leif -Roland<\/td>\n<\/tr>\n<tr>\n<td valign=\"top\" width=\"70\"><strong>Meddelande:<\/strong><\/td>\n<td valign=\"top\">Vilken kv\u00e4ll vi fick den 31!!!<br \/>\nMycket tack vare er, super god mat och mycket uppskattat av alla v\u00e5ra v\u00e4nner.<br \/>\nTack \u00e4n en g\u00e5ng<\/td>\n<\/tr>\n<\/tbody>\n<\/table>\n<p>&nbsp;<\/p>\n<table width=\"100%\" border=\"0\" cellspacing=\"0\" cellpadding=\"0\">\n<tbody>\n<tr>\n<td valign=\"top\" width=\"70\"><strong>Postad:<\/strong><\/td>\n<td valign=\"top\">2010-07-13 -&gt; 13:27<\/td>\n<\/tr>\n<tr>\n<td valign=\"top\" width=\"70\"><strong>Namn:<\/strong><\/td>\n<td valign=\"top\">Git Ystad BK<\/td>\n<\/tr>\n<tr>\n<td valign=\"top\" width=\"70\"><strong>Meddelande:<\/strong><\/td>\n<td valign=\"top\">Stort Tack f\u00f6r \u00e4nnu en lyckad grillkv\u00e4ll hos oss p\u00e5 Ystad BK<br \/>\nSer framemot den 31, \u00e4r n\u00e5got mindre nerv\u00f6s nu efter dina lugnande ord, ses d\u00e5 \/ Git<\/td>\n<\/tr>\n<\/tbody>\n<\/table>\n<p>&nbsp;<\/p>\n<table width=\"100%\" border=\"0\" cellspacing=\"0\" cellpadding=\"0\">\n<tbody>\n<tr>\n<td valign=\"top\" width=\"70\"><strong>Postad:<\/strong><\/td>\n<td valign=\"top\">2010-06-14 -&gt; 13:29<\/td>\n<\/tr>\n<tr>\n<td valign=\"top\" width=\"70\"><strong>Namn:<\/strong><\/td>\n<td valign=\"top\">Christer Larsson<\/td>\n<\/tr>\n<tr>\n<td valign=\"top\" width=\"70\"><strong>Meddelande:<\/strong><\/td>\n<td valign=\"top\">Hej Patrik,Tack f\u00f6r l\u00f6rdagens grillning som bidrog till att g\u00f6ra Marcus studentfirande mycket lyckat!<br \/>\nMaten smakade kanon och det var m\u00e5nga spontana positiva omd\u00f6men fr\u00e5n g\u00e4sterna.<br \/>\nDessutom var de imponerade av id\u00e9en \/ konceptet.<br \/>\nBibeh\u00e5ll din satsning p\u00e5 h\u00f6g kvalit\u00e9.<br \/>\nTACK!<\/td>\n<\/tr>\n<\/tbody>\n<\/table>\n<p>&nbsp;<\/p>\n<table width=\"100%\" border=\"0\" cellspacing=\"0\" cellpadding=\"0\">\n<tbody>\n<tr>\n<td valign=\"top\" width=\"70\"><strong>Postad:<\/strong><\/td>\n<td valign=\"top\">2010-05-25 -&gt; 9:28<\/td>\n<\/tr>\n<tr>\n<td valign=\"top\" width=\"70\"><strong>Namn:<\/strong><\/td>\n<td valign=\"top\">Malin &amp; Michael Weinert<\/td>\n<\/tr>\n<tr>\n<td valign=\"top\" width=\"70\"><strong>Hemsida:<\/strong><\/td>\n<td valign=\"top\"><a href=\"http:\/\/www.madebymalin.blogg.se\/\" target=\"_blank\">Made by Malin<\/a><\/td>\n<\/tr>\n<tr>\n<td valign=\"top\" width=\"70\"><strong>Meddelande:<\/strong><\/td>\n<td valign=\"top\">Hej Patrik!<br \/>\nTack s\u00e5 oerh\u00f6rt mycket f\u00f6r ett fantastiskt jobb p\u00e5 v\u00e5rt br\u00f6llop. Alla drygt 60 g\u00e4sterna \u00e4lskade din mat (vi \u00e5t kalkonpinne &amp; karre) och jag dr\u00f6mmer fortfarande matdr\u00f6mmar om kalkonen som f\u00e5r det att vattnas i munnen.Vilket proffs du \u00e4r! Tack f\u00f6r att du satte guldkant p\u00e5 v\u00e5r dag! =)Stora kramar<br \/>\nBrudparet<\/td>\n<\/tr>\n<\/tbody>\n<\/table>\n<p>&nbsp;<\/p>\n<table width=\"100%\" border=\"0\" cellspacing=\"0\" cellpadding=\"0\">\n<tbody>\n<tr>\n<td valign=\"top\" width=\"70\"><strong>Postad:<\/strong><\/td>\n<td valign=\"top\">2009-08-17 -&gt; 16:25<\/td>\n<\/tr>\n<tr>\n<td valign=\"top\" width=\"70\"><strong>Namn:<\/strong><\/td>\n<td valign=\"top\">Ingeg\u00e4rd o. Christer Rasmusson<\/td>\n<\/tr>\n<tr>\n<td valign=\"top\" width=\"70\"><strong>Meddelande:<\/strong><\/td>\n<td valign=\"top\">Tack Patrik f\u00f6r en mycket god grillning p\u00e5 v\u00e5r tr\u00e4dg\u00e5rdsfest ( vi \u00e5t oxfil\u00e9, kycklingfil\u00e9 med kulpotatis och het mangosalsa).Vi och v\u00e5ra g\u00e4ster var supern\u00f6jda. Vi kommer att rekommendera dig p\u00e5 det varmaste. H\u00e4lsningar Ingeg\u00e4rd o. Christer<\/td>\n<\/tr>\n<\/tbody>\n<\/table>\n<p>&nbsp;<\/p>\n<table width=\"100%\" border=\"0\" cellspacing=\"0\" cellpadding=\"0\">\n<tbody>\n<tr>\n<td valign=\"top\" width=\"70\"><strong>Postad:<\/strong><\/td>\n<td valign=\"top\">2009-08-14 -&gt; 19:57<\/td>\n<\/tr>\n<tr>\n<td valign=\"top\" width=\"70\"><strong>Namn:<\/strong><\/td>\n<td valign=\"top\">Fredrik &amp; Marit Harviken<\/td>\n<\/tr>\n<tr>\n<td valign=\"top\" width=\"70\"><strong>Meddelande:<\/strong><\/td>\n<td valign=\"top\">Vi vill rikta ett stort tack till dig, Patrik, d\u00e5 du \u00f6vergick alla v\u00e5ra f\u00f6rv\u00e4ntningar med din mat! V\u00e5ra g\u00e4ster var mycket n\u00f6jda med det du serverade (oxfil\u00e9, fl\u00e4skfil\u00e9 och kycklingfil\u00e9 med sm\u00f6rstekt kulpotatis). Vi rekommenderar dig och talar varmt om dig till alla vi k\u00e4nner- fortsatt lycka till!<br \/>\nFredrik &amp; Marit Harviken.<\/td>\n<\/tr>\n<\/tbody>\n<\/table>\n<p>&nbsp;<\/p>\n<table width=\"100%\" border=\"0\" cellspacing=\"0\" cellpadding=\"0\">\n<tbody>\n<tr>\n<td valign=\"top\" width=\"70\"><strong>Postad:<\/strong><\/td>\n<td valign=\"top\">2009-08-06 -&gt; 10:26<\/td>\n<\/tr>\n<tr>\n<td valign=\"top\" width=\"70\"><strong>Namn:<\/strong><\/td>\n<td valign=\"top\">Caroline och Benny<\/td>\n<\/tr>\n<tr>\n<td valign=\"top\" width=\"70\"><strong>Meddelande:<\/strong><\/td>\n<td valign=\"top\">Tack f\u00f6r god mat p\u00e5 v\u00e5rt br\u00f6llop! Det var verkligen lyckat och alla g\u00e4ster tyckte om maten. Ryggbiffen var supergod!<\/td>\n<\/tr>\n<\/tbody>\n<\/table>\n<p>&nbsp;<\/p>\n<table width=\"100%\" border=\"0\" cellspacing=\"0\" cellpadding=\"0\">\n<tbody>\n<tr>\n<td valign=\"top\" width=\"70\"><strong>Postad:<\/strong><\/td>\n<td valign=\"top\">2009-07-25 -&gt; 14:44<\/td>\n<\/tr>\n<tr>\n<td valign=\"top\" width=\"70\"><strong>Namn:<\/strong><\/td>\n<td valign=\"top\">Agneta och Lars-\u00d6rijan<\/td>\n<\/tr>\n<tr>\n<td valign=\"top\" width=\"70\"><strong>Meddelande:<\/strong><\/td>\n<td valign=\"top\">Tack f\u00f6r supergod mat och trevligt bem\u00f6tand. Allt var fantastiskt gott och alla Sofi\u00b4s studentg\u00e4ster var mycket n\u00f6jda. Ni som tvekar p\u00e5 att v\u00e4lja Ysta\u00b4grillarn g\u00f6r inte det f\u00f6r det .<\/td>\n<\/tr>\n<\/tbody>\n<\/table>\n<p>&nbsp;<\/p>\n<table width=\"100%\" border=\"0\" cellspacing=\"0\" cellpadding=\"0\">\n<tbody>\n<tr>\n<td valign=\"top\" width=\"70\"><strong>Postad:<\/strong><\/td>\n<td valign=\"top\">2009-07-06 -&gt; 12:38<\/td>\n<\/tr>\n<tr>\n<td valign=\"top\" width=\"70\"><strong>Namn:<\/strong><\/td>\n<td valign=\"top\">Git Ystad BK<\/td>\n<\/tr>\n<tr>\n<td valign=\"top\" width=\"70\"><strong>Meddelande:<\/strong><\/td>\n<td valign=\"top\">Tack f\u00f6r den goda maten till v\u00e5r grillkv\u00e4ll under v\u00e5rt sommarl\u00e4ger p\u00e5 Ystad BK.<\/td>\n<\/tr>\n<\/tbody>\n<\/table>\n<p>&nbsp;<\/p>\n<table width=\"100%\" border=\"0\" cellspacing=\"0\" cellpadding=\"0\">\n<tbody>\n<tr>\n<td valign=\"top\" width=\"70\"><strong>Postad:<\/strong><\/td>\n<td valign=\"top\">2009-05-15 -&gt; 12:48<\/td>\n<\/tr>\n<tr>\n<td valign=\"top\" width=\"70\"><strong>Namn:<\/strong><\/td>\n<td valign=\"top\">Sune&amp;Lena<\/td>\n<\/tr>\n<tr>\n<td valign=\"top\" width=\"70\"><strong>Meddelande:<\/strong><\/td>\n<td valign=\"top\">Tack!!!<br \/>\nFantastiskt gott och proffsigt den godaste grill mat vi \u00e4tit (Karre+Kycklingfile)alla g\u00e4ster var supern\u00f6jda<\/td>\n<\/tr>\n<\/tbody>\n<\/table>\n<p>&nbsp;<\/p>\n<table width=\"100%\" border=\"0\" cellspacing=\"0\" cellpadding=\"0\">\n<tbody>\n<tr>\n<td valign=\"top\" width=\"70\"><strong>Postad:<\/strong><\/td>\n<td valign=\"top\">2009-04-07 -&gt; 17:20<\/td>\n<\/tr>\n<tr>\n<td valign=\"top\" width=\"70\"><strong>Namn:<\/strong><\/td>\n<td valign=\"top\">Cecilia N Castaneda<\/td>\n<\/tr>\n<tr>\n<td valign=\"top\" width=\"70\"><strong>Meddelande:<\/strong><\/td>\n<td valign=\"top\">Ystagrillarn var och grillade p\u00e5 v\u00e5rt br\u00f6llop, mycket gott och proffsigt, Tack Cecilia &amp; Alvaro<\/td>\n<\/tr>\n<\/tbody>\n<\/table>\n<p>&nbsp;<\/p>\n<table width=\"100%\" border=\"0\" cellspacing=\"0\" cellpadding=\"0\">\n<tbody>\n<tr>\n<td valign=\"top\" width=\"70\"><strong>Postad:<\/strong><\/td>\n<td valign=\"top\">2008-08-10 -&gt; 22:50<\/td>\n<\/tr>\n<tr>\n<td valign=\"top\" width=\"70\"><strong>Namn:<\/strong><\/td>\n<td valign=\"top\">Susanne<\/td>\n<\/tr>\n<tr>\n<td valign=\"top\" width=\"70\"><strong>Meddelande:<\/strong><\/td>\n<td valign=\"top\">Stort tack f\u00f6r proffsig service och uts\u00f6kt mat p\u00e5 min f\u00f6delsedagsfest i scoutstugan vid Nybrostrand. All mat var fantastiskt god, vilket \u00e4ven alla v\u00e5ra g\u00e4ster tyckte. Kan verkligen varmt rekommendera oxfil\u00e9 och kulpotatis!!!<\/td>\n<\/tr>\n<\/tbody>\n<\/table>\n<p>&nbsp;<\/p>\n<table width=\"100%\" border=\"0\" cellspacing=\"0\" cellpadding=\"0\">\n<tbody>\n<tr>\n<td valign=\"top\" width=\"70\"><strong>Postad:<\/strong><\/td>\n<td valign=\"top\">2008-07-16 -&gt; 22:19<\/td>\n<\/tr>\n<tr>\n<td valign=\"top\" width=\"70\"><strong>Namn:<\/strong><\/td>\n<td valign=\"top\">Zenita o G\u00f6ran Olsson<\/td>\n<\/tr>\n<tr>\n<td valign=\"top\" width=\"70\"><strong>Meddelande:<\/strong><\/td>\n<td valign=\"top\">Hej Patrik! Din mat gjorde succe p\u00e5 v\u00e5r t\u00e4lt- och sommarfest den 12 juli! Vi var heln\u00f6jda och v\u00e5ra g\u00e4ster tyckte att maten serverades p\u00e5 ett stiligt och proffsigt s\u00e4tt och var s\u00e5\u00e5\u00e5\u00e5\u00e5\u00e5 god. F\u00f6r andra kan vi ber\u00e4tta att vi hade valt kycklingfil\u00e9 och fl\u00e4skkarr\u00e9 och till detta hade vi mangosalsa, bearnaises\u00e5s och sm\u00f6rslungad potatis. Allt fungerade s\u00e5 snabt och l\u00e4tt vid severingen.<br \/>\n&#8230;.och s\u00e5 kom solen med Dig! Tack \u00e4n en g\u00e5ng fr\u00e5n Zenita o G\u00f6ran<\/td>\n<\/tr>\n<\/tbody>\n<\/table>\n<p>&nbsp;<\/p>\n<table width=\"100%\" border=\"0\" cellspacing=\"0\" cellpadding=\"0\">\n<tbody>\n<tr>\n<td valign=\"top\" width=\"70\"><strong>Postad:<\/strong><\/td>\n<td valign=\"top\">2008-07-09 -&gt; 18:59<\/td>\n<\/tr>\n<tr>\n<td valign=\"top\" width=\"70\"><strong>Namn:<\/strong><\/td>\n<td valign=\"top\">Fam Rosenkvist<\/td>\n<\/tr>\n<tr>\n<td valign=\"top\" width=\"70\"><strong>Meddelande:<\/strong><\/td>\n<td valign=\"top\">Tack f\u00f6r supergod mat p\u00e5 Fritjofs dop. Alla g\u00e4sterna tyckte det var toppenmat! Kan verkligen rekommendera dig till andra.<br \/>\nFamiljen Rosenkvist<\/td>\n<\/tr>\n<\/tbody>\n<\/table>\n<p>&nbsp;<\/p>\n<table width=\"100%\" border=\"0\" cellspacing=\"0\" cellpadding=\"0\">\n<tbody>\n<tr>\n<td valign=\"top\" width=\"70\"><strong>Postad:<\/strong><\/td>\n<td valign=\"top\">2008-07-07 -&gt; 22:31<\/td>\n<\/tr>\n<tr>\n<td valign=\"top\" width=\"70\"><strong>Namn:<\/strong><\/td>\n<td valign=\"top\">Inger o Gert<\/td>\n<\/tr>\n<tr>\n<td valign=\"top\" width=\"70\"><strong>Meddelande:<\/strong><\/td>\n<td valign=\"top\">Helt klart J\u00e4ttebra mat o service<br \/>\np\u00e5 min 60-\u00e5rs-fest.<br \/>\nN\u00f6jda v\u00e4rdar o g\u00e4ster.<\/td>\n<\/tr>\n<\/tbody>\n<\/table>\n<p>&nbsp;<\/p>\n<table width=\"100%\" border=\"0\" cellspacing=\"0\" cellpadding=\"0\">\n<tbody>\n<tr>\n<td valign=\"top\" width=\"70\"><strong>Postad:<\/strong><\/td>\n<td valign=\"top\">2008-06-14 -&gt; 15:29<\/td>\n<\/tr>\n<tr>\n<td valign=\"top\" width=\"70\"><strong>Namn:<\/strong><\/td>\n<td valign=\"top\">Anki&amp;Per M\u00e5rtensson<\/td>\n<\/tr>\n<tr>\n<td valign=\"top\" width=\"70\"><strong>Meddelande:<\/strong><\/td>\n<td valign=\"top\">Tack Patrik, f\u00f6r en underbar grillning vid v\u00e5r son Johannes student fest. Alla g\u00e4ster har ber\u00f6mt maten. Och inte minst ert proffsiga s\u00e4tt att sk\u00f6ta hela arrangemanget. Det smakade bra \u00e4ven dagen efter, bra portionerna var s\u00e5 v\u00e4l tilltagna. Lycka till i framtiden och hoppas du f\u00e5r mycket att g\u00f6ra fram\u00f6ver. Anki och Per<\/td>\n<\/tr>\n<\/tbody>\n<\/table>\n<p>&nbsp;<\/p>\n<table width=\"100%\" border=\"0\" cellspacing=\"0\" cellpadding=\"0\">\n<tbody>\n<tr>\n<td valign=\"top\" width=\"70\"><strong>Postad:<\/strong><\/td>\n<td valign=\"top\">2008-05-05 -&gt; 18:22<\/td>\n<\/tr>\n<tr>\n<td valign=\"top\" width=\"70\"><strong>Namn:<\/strong><\/td>\n<td valign=\"top\">Andre\u00b4och Elin<\/td>\n<\/tr>\n<tr>\n<td valign=\"top\" width=\"70\"><strong>Meddelande:<\/strong><\/td>\n<td valign=\"top\">Vi menade potatisgrat\u00e4ngen var himmelskt god=) (vi hade ju ingen potatis sallad f\u00f6rl\u00e5t)<br \/>\nFin service och utm\u00e4rkt mat,,, vi h\u00f6r av oss till n\u00e4sta stor fest,,,,<\/td>\n<\/tr>\n<\/tbody>\n<\/table>\n<p>&nbsp;<\/p>\n<table width=\"100%\" border=\"0\" cellspacing=\"0\" cellpadding=\"0\">\n<tbody>\n<tr>\n<td valign=\"top\" width=\"70\"><strong>Postad:<\/strong><\/td>\n<td valign=\"top\">2008-05-05 -&gt; 18:18<\/td>\n<\/tr>\n<tr>\n<td valign=\"top\" width=\"70\"><strong>Namn:<\/strong><\/td>\n<td valign=\"top\">Andre\u00b4och Elin<\/td>\n<\/tr>\n<tr>\n<td valign=\"top\" width=\"70\"><strong>Meddelande:<\/strong><\/td>\n<td valign=\"top\">Tack f\u00f6r den goda maten till v\u00e5r konfirmation och 15 \u00e5rsfest,,, spareribbsen o kycklingen gudomliga och potatissalladen himmelsk, tack \u00e4nnu en g\u00e5ng!! Mamma tackar f\u00f6r att hon slapp st\u00e5 i k\u00f6ket=)<\/td>\n<\/tr>\n<\/tbody>\n<\/table>\n<p>&nbsp;<\/p>\n<table width=\"100%\" border=\"0\" cellspacing=\"0\" cellpadding=\"0\">\n<tbody>\n<tr>\n<td valign=\"top\" width=\"70\"><strong>Postad:<\/strong><\/td>\n<td valign=\"top\">2007-06-13 -&gt; 0:17<\/td>\n<\/tr>\n<tr>\n<td valign=\"top\" width=\"70\"><strong>Namn:<\/strong><\/td>\n<td valign=\"top\">Pawel<\/td>\n<\/tr>\n<tr>\n<td valign=\"top\" width=\"70\"><strong>Meddelande:<\/strong><\/td>\n<td valign=\"top\">Suver\u00e4nt! Tycker du borde framh\u00e4va att det \u00e4r 100% sk\u00e5nska kvalitetsr\u00e5varor, s\u00e5 att alla f\u00f6rst\u00e5r att du personligen v\u00e4ljer lokala leverant\u00f6rer med omsorg f\u00f6r att n\u00e5 din h\u00f6ga kvalitetsniv\u00e5.<\/td>\n<\/tr>\n<\/tbody>\n<\/table>\n<p>&nbsp;<\/p>\n","protected":false},"excerpt":{"rendered":"<p>Era kommentarer betyder mycket f\u00f6r oss.\u00a0Det fanns p\u00e5 den tidigare hemsidan en g\u00e4stbok d\u00e4r det kom in s\u00e5 mycket fina kommentarer att vi har valt att spara dessa. Om ni vill skriva kommentarer nu s\u00e5 h\u00e4nvisar vi till framsidan d\u00e4r ni m.h.a. facebook kan skriva kommentarer. &nbsp; Postad: 2011-06-09 -&gt; 18:32 Namn: Jenny &amp; Jimmy [&hellip;]<\/p>\n","protected":false},"author":1,"featured_media":0,"parent":0,"menu_order":3,"comment_status":"open","ping_status":"open","template":"","meta":{"footnotes":""},"class_list":["post-12","page","type-page","status-publish","hentry"],"_links":{"self":[{"href":"http:\/\/www.ystagrillarn.se\/index.php?rest_route=\/wp\/v2\/pages\/12","targetHints":{"allow":["GET"]}}],"collection":[{"href":"http:\/\/www.ystagrillarn.se\/index.php?rest_route=\/wp\/v2\/pages"}],"about":[{"href":"http:\/\/www.ystagrillarn.se\/index.php?rest_route=\/wp\/v2\/types\/page"}],"author":[{"embeddable":true,"href":"http:\/\/www.ystagrillarn.se\/index.php?rest_route=\/wp\/v2\/users\/1"}],"replies":[{"embeddable":true,"href":"http:\/\/www.ystagrillarn.se\/index.php?rest_route=%2Fwp%2Fv2%2Fcomments&post=12"}],"version-history":[{"count":14,"href":"http:\/\/www.ystagrillarn.se\/index.php?rest_route=\/wp\/v2\/pages\/12\/revisions"}],"predecessor-version":[{"id":16,"href":"http:\/\/www.ystagrillarn.se\/index.php?rest_route=\/wp\/v2\/pages\/12\/revisions\/16"}],"wp:attachment":[{"href":"http:\/\/www.ystagrillarn.se\/index.php?rest_route=%2Fwp%2Fv2%2Fmedia&parent=12"}],"curies":[{"name":"wp","href":"https:\/\/api.w.org\/{rel}","templated":true}]}}