{"id":2,"date":"2012-03-16T18:18:55","date_gmt":"2012-03-16T18:18:55","guid":{"rendered":"http:\/\/www.ystagrillarn.se\/wordpress\/?page_id=2"},"modified":"2025-02-19T12:38:03","modified_gmt":"2025-02-19T12:38:03","slug":"sample-page","status":"publish","type":"page","link":"http:\/\/www.ystagrillarn.se\/","title":{"rendered":"Hem"},"content":{"rendered":"<p>Catering till konfirmation, student, br\u00f6llop, firmafest, sl\u00e4kttr\u00e4ff, dop eller f\u00f6delsedagskalas \u2013Yst\u00e1 Grillar\u00b4n fixar maten! Yst\u00e1 Grillar\u00b4n\u00a0grillar snabbt och l\u00e4tt p\u00e5 plats, efter era specifika \u00f6nskem\u00e5l medans ni umg\u00e5s med g\u00e4sterna. Yst\u00e1 Grillar\u00b4n\u00a0erbjuder flera olika sorters grillat, b\u00e5de k\u00f6tt, fisk och f\u00e5gel, samt tillbeh\u00f6r s\u00e5 som kulpotatis, potatisgrat\u00e4ng, olika typer av sallader, s\u00e5ser och br\u00f6d m.m.<\/p>\n<p>Yst\u00e1 grillar\u00b4n utg\u00e5r fr\u00e5n Ystad men grillar i hela Sk\u00e5ne. Efterfr\u00e5gan har blivit s\u00e5 pass stor s\u00e5 att jag har valt att s\u00e4tta en minimum gr\u00e4ns p\u00e5 50 personer. Detta \u00e4r ingen strikt gr\u00e4ns, \u00e4r ni f\u00e4rre s\u00e5 h\u00f6r av er \u00e4nd\u00e5 s\u00e5 kan vi kanske diskutera fram n\u00e5got bra!<\/p>\n\n\t\t<style type=\"text\/css\">\n\t\t\t#gallery-1 {\n\t\t\t\tmargin: auto;\n\t\t\t}\n\t\t\t#gallery-1 .gallery-item {\n\t\t\t\tfloat: left;\n\t\t\t\tmargin-top: 10px;\n\t\t\t\ttext-align: center;\n\t\t\t\twidth: 33%;\n\t\t\t}\n\t\t\t#gallery-1 img {\n\t\t\t\tborder: 2px solid #cfcfcf;\n\t\t\t}\n\t\t\t#gallery-1 .gallery-caption {\n\t\t\t\tmargin-left: 0;\n\t\t\t}\n\t\t\t\/* see gallery_shortcode() in wp-includes\/media.php *\/\n\t\t<\/style>\n\t\t<div id='gallery-1' class='gallery galleryid-2 gallery-columns-3 gallery-size-thumbnail'><dl class='gallery-item'>\n\t\t\t<dt class='gallery-icon landscape'>\n\t\t\t\t<a href='http:\/\/www.ystagrillarn.se\/wp-content\/uploads\/2012\/03\/FEST-maj-09-0731.jpg'><img loading=\"lazy\" decoding=\"async\" width=\"150\" height=\"150\" src=\"http:\/\/www.ystagrillarn.se\/wp-content\/uploads\/2012\/03\/FEST-maj-09-0731-150x150.jpg\" class=\"attachment-thumbnail size-thumbnail\" alt=\"\" \/><\/a>\n\t\t\t<\/dt><\/dl><dl class='gallery-item'>\n\t\t\t<dt class='gallery-icon landscape'>\n\t\t\t\t<a href='http:\/\/www.ystagrillarn.se\/wp-content\/uploads\/2012\/03\/DSC_0141.jpg'><img loading=\"lazy\" decoding=\"async\" width=\"150\" height=\"150\" src=\"http:\/\/www.ystagrillarn.se\/wp-content\/uploads\/2012\/03\/DSC_0141-150x150.jpg\" class=\"attachment-thumbnail size-thumbnail\" alt=\"\" \/><\/a>\n\t\t\t<\/dt><\/dl><dl class='gallery-item'>\n\t\t\t<dt class='gallery-icon landscape'>\n\t\t\t\t<a href='http:\/\/www.ystagrillarn.se\/wp-content\/uploads\/2025\/02\/20150328_182439-scaled.jpg'><img loading=\"lazy\" decoding=\"async\" width=\"150\" height=\"150\" src=\"http:\/\/www.ystagrillarn.se\/wp-content\/uploads\/2025\/02\/20150328_182439-150x150.jpg\" class=\"attachment-thumbnail size-thumbnail\" alt=\"\" \/><\/a>\n\t\t\t<\/dt><\/dl><br style=\"clear: both\" \/><dl class='gallery-item'>\n\t\t\t<dt class='gallery-icon landscape'>\n\t\t\t\t<a href='http:\/\/www.ystagrillarn.se\/wp-content\/uploads\/2025\/02\/20150328_182459-scaled.jpg'><img loading=\"lazy\" decoding=\"async\" width=\"150\" height=\"150\" src=\"http:\/\/www.ystagrillarn.se\/wp-content\/uploads\/2025\/02\/20150328_182459-150x150.jpg\" class=\"attachment-thumbnail size-thumbnail\" alt=\"\" \/><\/a>\n\t\t\t<\/dt><\/dl><dl class='gallery-item'>\n\t\t\t<dt class='gallery-icon landscape'>\n\t\t\t\t<a href='http:\/\/www.ystagrillarn.se\/wp-content\/uploads\/2025\/02\/20160610_114742.jpg'><img loading=\"lazy\" decoding=\"async\" width=\"150\" height=\"150\" src=\"http:\/\/www.ystagrillarn.se\/wp-content\/uploads\/2025\/02\/20160610_114742-150x150.jpg\" class=\"attachment-thumbnail size-thumbnail\" alt=\"\" \/><\/a>\n\t\t\t<\/dt><\/dl><dl class='gallery-item'>\n\t\t\t<dt class='gallery-icon landscape'>\n\t\t\t\t<a href='http:\/\/www.ystagrillarn.se\/wp-content\/uploads\/2025\/02\/20160618_185347.jpg'><img loading=\"lazy\" decoding=\"async\" width=\"150\" height=\"150\" src=\"http:\/\/www.ystagrillarn.se\/wp-content\/uploads\/2025\/02\/20160618_185347-150x150.jpg\" class=\"attachment-thumbnail size-thumbnail\" alt=\"\" \/><\/a>\n\t\t\t<\/dt><\/dl><br style=\"clear: both\" \/><dl class='gallery-item'>\n\t\t\t<dt class='gallery-icon landscape'>\n\t\t\t\t<a href='http:\/\/www.ystagrillarn.se\/wp-content\/uploads\/2025\/02\/20160806_083738.jpg'><img loading=\"lazy\" decoding=\"async\" width=\"150\" height=\"150\" src=\"http:\/\/www.ystagrillarn.se\/wp-content\/uploads\/2025\/02\/20160806_083738-150x150.jpg\" class=\"attachment-thumbnail size-thumbnail\" alt=\"\" \/><\/a>\n\t\t\t<\/dt><\/dl><dl class='gallery-item'>\n\t\t\t<dt class='gallery-icon portrait'>\n\t\t\t\t<a href='http:\/\/www.ystagrillarn.se\/wp-content\/uploads\/2025\/02\/20190720_173017-scaled.jpg'><img loading=\"lazy\" decoding=\"async\" width=\"150\" height=\"150\" src=\"http:\/\/www.ystagrillarn.se\/wp-content\/uploads\/2025\/02\/20190720_173017-150x150.jpg\" class=\"attachment-thumbnail size-thumbnail\" alt=\"\" \/><\/a>\n\t\t\t<\/dt><\/dl><dl class='gallery-item'>\n\t\t\t<dt class='gallery-icon portrait'>\n\t\t\t\t<a href='http:\/\/www.ystagrillarn.se\/wp-content\/uploads\/2025\/02\/20190817_174054-scaled.jpg'><img loading=\"lazy\" decoding=\"async\" width=\"150\" height=\"150\" src=\"http:\/\/www.ystagrillarn.se\/wp-content\/uploads\/2025\/02\/20190817_174054-150x150.jpg\" class=\"attachment-thumbnail size-thumbnail\" alt=\"\" \/><\/a>\n\t\t\t<\/dt><\/dl><br style=\"clear: both\" \/><dl class='gallery-item'>\n\t\t\t<dt class='gallery-icon portrait'>\n\t\t\t\t<a href='http:\/\/www.ystagrillarn.se\/wp-content\/uploads\/2025\/02\/IMG_20200725_170002-scaled.jpg'><img loading=\"lazy\" decoding=\"async\" width=\"150\" height=\"150\" src=\"http:\/\/www.ystagrillarn.se\/wp-content\/uploads\/2025\/02\/IMG_20200725_170002-150x150.jpg\" class=\"attachment-thumbnail size-thumbnail\" alt=\"\" aria-describedby=\"gallery-1-202\" \/><\/a>\n\t\t\t<\/dt>\n\t\t\t\t<dd class='wp-caption-text gallery-caption' id='gallery-1-202'>\n\t\t\t\tcof\n\t\t\t\t<\/dd><\/dl><dl class='gallery-item'>\n\t\t\t<dt class='gallery-icon landscape'>\n\t\t\t\t<a href='http:\/\/www.ystagrillarn.se\/wp-content\/uploads\/2025\/02\/20180929_182742-scaled.jpg'><img loading=\"lazy\" decoding=\"async\" width=\"150\" height=\"150\" src=\"http:\/\/www.ystagrillarn.se\/wp-content\/uploads\/2025\/02\/20180929_182742-150x150.jpg\" class=\"attachment-thumbnail size-thumbnail\" alt=\"\" \/><\/a>\n\t\t\t<\/dt><\/dl>\n\t\t\t<br style='clear: both' \/>\n\t\t<\/div>\n\n<p>&#8221;<em>Vi vill rikta ett stort tack till dig, Patrik, d\u00e5 du \u00f6vergick alla v\u00e5ra f\u00f6rv\u00e4ntningar med din mat! V\u00e5ra g\u00e4ster var mycket n\u00f6jda med det du serverade (oxfil\u00e9, fl\u00e4skfil\u00e9 och kycklingfil\u00e9 med sm\u00f6rstekt kulpotatis). Vi rekommenderar dig och talar varmt om dig till alla vi k\u00e4nner- fortsatt lycka till<\/em>!&#8221; \u00a0-Fredrik &amp; Marit Harviken<\/p>\n<p><em>&#8221;Fantastiskt gott och proffsigt den godaste grill mat vi \u00e4tit (Karre+Kycklingfile) alla g\u00e4ster var supern\u00f6jda&#8221; &#8211; <\/em>Sune och Helena<\/p>\n<p>Kommentera g\u00e4rna nedan eller se fler kommentarer under <a href=\"\/gasters-kommentarer\/\">g\u00e4sters kommentarer<\/a>.<\/p>\n","protected":false},"excerpt":{"rendered":"<p>Catering till konfirmation, student, br\u00f6llop, firmafest, sl\u00e4kttr\u00e4ff, dop eller f\u00f6delsedagskalas \u2013Yst\u00e1 Grillar\u00b4n fixar maten! Yst\u00e1 Grillar\u00b4n\u00a0grillar snabbt och l\u00e4tt p\u00e5 plats, efter era specifika \u00f6nskem\u00e5l medans ni umg\u00e5s med g\u00e4sterna. Yst\u00e1 Grillar\u00b4n\u00a0erbjuder flera olika sorters grillat, b\u00e5de k\u00f6tt, fisk och f\u00e5gel, samt tillbeh\u00f6r s\u00e5 som kulpotatis, potatisgrat\u00e4ng, olika typer av sallader, s\u00e5ser och br\u00f6d m.m. [&hellip;]<\/p>\n","protected":false},"author":1,"featured_media":0,"parent":0,"menu_order":0,"comment_status":"open","ping_status":"open","template":"","meta":{"footnotes":""},"class_list":["post-2","page","type-page","status-publish","hentry"],"_links":{"self":[{"href":"http:\/\/www.ystagrillarn.se\/index.php?rest_route=\/wp\/v2\/pages\/2","targetHints":{"allow":["GET"]}}],"collection":[{"href":"http:\/\/www.ystagrillarn.se\/index.php?rest_route=\/wp\/v2\/pages"}],"about":[{"href":"http:\/\/www.ystagrillarn.se\/index.php?rest_route=\/wp\/v2\/types\/page"}],"author":[{"embeddable":true,"href":"http:\/\/www.ystagrillarn.se\/index.php?rest_route=\/wp\/v2\/users\/1"}],"replies":[{"embeddable":true,"href":"http:\/\/www.ystagrillarn.se\/index.php?rest_route=%2Fwp%2Fv2%2Fcomments&post=2"}],"version-history":[{"count":47,"href":"http:\/\/www.ystagrillarn.se\/index.php?rest_route=\/wp\/v2\/pages\/2\/revisions"}],"predecessor-version":[{"id":205,"href":"http:\/\/www.ystagrillarn.se\/index.php?rest_route=\/wp\/v2\/pages\/2\/revisions\/205"}],"wp:attachment":[{"href":"http:\/\/www.ystagrillarn.se\/index.php?rest_route=%2Fwp%2Fv2%2Fmedia&parent=2"}],"curies":[{"name":"wp","href":"https:\/\/api.w.org\/{rel}","templated":true}]}}