{"id":8,"date":"2012-03-16T18:24:13","date_gmt":"2012-03-16T18:24:13","guid":{"rendered":"http:\/\/www.ystagrillarn.se\/wordpress\/?page_id=8"},"modified":"2025-02-19T12:24:42","modified_gmt":"2025-02-19T12:24:42","slug":"meny","status":"publish","type":"page","link":"http:\/\/www.ystagrillarn.se\/?page_id=8","title":{"rendered":"Meny"},"content":{"rendered":"<p>Alla Yst\u00e1 Grillarn\u00b4s produkter \u00e4r av h\u00f6gsta kvalitet och kommer direkt fr\u00e5n lokala leverant\u00f6rer i sk\u00e5ne, som sj\u00e4lv driver fram sina produkter fr\u00e5n grunden. Allt f\u00f6r att garantera kvalitet till kunden.<\/p>\n<p>Yst\u00e1 Grillarn\u00b4s koncept g\u00e5r ut p\u00e5 att kunderna v\u00e4ljer efter tycke och smak p\u00e5 en \u201dkryssmeny\u201d. P\u00e5 s\u00e5 vis kan ni komponera ihop en egen meny som passar er och g\u00e4sterna i b\u00e5de smak och pris. Priset beror helt p\u00e5 vad ni v\u00e4ljer p\u00e5 menyn men en varmr\u00e4tt kostar fr\u00e5n 225 kr per person. Naturligtvis kan ni f\u00e5 hj\u00e4lp med f\u00f6rslag p\u00e5 menyer! Kocken kommer g\u00e4rna ut till er, visar och g\u00e5r igenom menyn och hj\u00e4lper er att s\u00e4tta samman n\u00e5got passande. Med en varmr\u00e4tt meny menas minst tv\u00e5 sorters k\u00f6tt\/fisk, n\u00e5gon form av potatis eller pasta och minst en s\u00e5s eventuellt \u00e4ven br\u00f6d och sallad. Ring g\u00e4rna om ni har n\u00e5gra fr\u00e5gor!<\/p>\n<p>T\u00e4nk p\u00e5 att ekipaget \u00e4r stort och beh\u00f6ver mycket plats, \u00e4r ni tveksamma s\u00e5 diskutera g\u00e4rna med oss.<\/p>\n\n\t\t<style type=\"text\/css\">\n\t\t\t#gallery-1 {\n\t\t\t\tmargin: auto;\n\t\t\t}\n\t\t\t#gallery-1 .gallery-item {\n\t\t\t\tfloat: left;\n\t\t\t\tmargin-top: 10px;\n\t\t\t\ttext-align: center;\n\t\t\t\twidth: 33%;\n\t\t\t}\n\t\t\t#gallery-1 img {\n\t\t\t\tborder: 2px solid #cfcfcf;\n\t\t\t}\n\t\t\t#gallery-1 .gallery-caption {\n\t\t\t\tmargin-left: 0;\n\t\t\t}\n\t\t\t\/* see gallery_shortcode() in wp-includes\/media.php *\/\n\t\t<\/style>\n\t\t<div id='gallery-1' class='gallery galleryid-8 gallery-columns-3 gallery-size-thumbnail'><dl class='gallery-item'>\n\t\t\t<dt class='gallery-icon landscape'>\n\t\t\t\t<a href='http:\/\/www.ystagrillarn.se\/wp-content\/uploads\/2012\/03\/DSCN3179.jpg'><img loading=\"lazy\" decoding=\"async\" width=\"150\" height=\"150\" src=\"http:\/\/www.ystagrillarn.se\/wp-content\/uploads\/2012\/03\/DSCN3179-150x150.jpg\" class=\"attachment-thumbnail size-thumbnail\" alt=\"\" \/><\/a>\n\t\t\t<\/dt><\/dl><dl class='gallery-item'>\n\t\t\t<dt class='gallery-icon landscape'>\n\t\t\t\t<a href='http:\/\/www.ystagrillarn.se\/wp-content\/uploads\/2012\/03\/DSCN3350.jpg'><img loading=\"lazy\" decoding=\"async\" width=\"150\" height=\"150\" src=\"http:\/\/www.ystagrillarn.se\/wp-content\/uploads\/2012\/03\/DSCN3350-150x150.jpg\" class=\"attachment-thumbnail size-thumbnail\" alt=\"\" \/><\/a>\n\t\t\t<\/dt><\/dl><dl class='gallery-item'>\n\t\t\t<dt class='gallery-icon landscape'>\n\t\t\t\t<a href='http:\/\/www.ystagrillarn.se\/wp-content\/uploads\/2012\/03\/DSCN3380.jpg'><img loading=\"lazy\" decoding=\"async\" width=\"150\" height=\"150\" src=\"http:\/\/www.ystagrillarn.se\/wp-content\/uploads\/2012\/03\/DSCN3380-150x150.jpg\" class=\"attachment-thumbnail size-thumbnail\" alt=\"\" \/><\/a>\n\t\t\t<\/dt><\/dl><br style=\"clear: both\" \/><dl class='gallery-item'>\n\t\t\t<dt class='gallery-icon landscape'>\n\t\t\t\t<a href='http:\/\/www.ystagrillarn.se\/wp-content\/uploads\/2012\/03\/DSCN3468.jpg'><img loading=\"lazy\" decoding=\"async\" width=\"150\" height=\"150\" src=\"http:\/\/www.ystagrillarn.se\/wp-content\/uploads\/2012\/03\/DSCN3468-150x150.jpg\" class=\"attachment-thumbnail size-thumbnail\" alt=\"\" \/><\/a>\n\t\t\t<\/dt><\/dl><dl class='gallery-item'>\n\t\t\t<dt class='gallery-icon landscape'>\n\t\t\t\t<a href='http:\/\/www.ystagrillarn.se\/wp-content\/uploads\/2012\/03\/DSCN3447.jpg'><img loading=\"lazy\" decoding=\"async\" width=\"150\" height=\"150\" src=\"http:\/\/www.ystagrillarn.se\/wp-content\/uploads\/2012\/03\/DSCN3447-150x150.jpg\" class=\"attachment-thumbnail size-thumbnail\" alt=\"\" \/><\/a>\n\t\t\t<\/dt><\/dl>\n\t\t\t<br style='clear: both' \/>\n\t\t<\/div>\n\n<div style=\"width: 560px; margin: 0 auto;\">\n<div style=\"width: 250px; background: #2a2d32; padding: 5px; float: left; border: 1px solid #1e2329;\">\n<p><strong>F\u00d6RR\u00c4TTER<\/strong><\/p>\n<p>Laxmacka<\/p>\n<p>\u00c4gg &amp; Sillmacka<\/p>\n<p>K\u00f6ttbullsmacka<\/p>\n<p>Carpaccio<\/p>\n<p>Gazpacho<\/p>\n<p>Sparrissoppa<\/p>\n<hr \/>\n<p><strong>K\u00d6TT<\/strong><\/p>\n<p>Fl\u00e4skfil\u00e9<\/p>\n<p>Oxfil\u00e9<\/p>\n<p>Ryggbiff<\/p>\n<p>Karr\u00e9<\/p>\n<p>Kycklingfil\u00e9<\/p>\n<p>Kalkonpinne<\/p>\n<p>Sparribs<\/p>\n<p>Entrecote<\/p>\n<p>Baconlindad ryggbiff<\/p>\n<hr \/>\n<p><strong>FISK<\/strong><\/p>\n<p>Tonfisk<\/p>\n<p>Fiskspett<\/p>\n<hr \/>\n<p><strong>TILLBEH\u00d6R<\/strong><\/p>\n<p>Grillaren&#8217;s favorit (svamp, scharlootenl\u00f6k, bacon och haricots verts)<\/p>\n<p>Sm\u00f6rstekt kulpotatis med fr\u00e4sta gr\u00f6nsaker<\/p>\n<p>Potatisgrat\u00e4ng<\/p>\n<p>Grekisk potatissallad<\/p>\n<p>Pastasallad<\/p>\n<p>Sm\u00f6rstekt kulpotatis<\/p>\n<\/div>\n<div style=\"width: 250px; background: #2a2d32; padding: 5px; float: right; border: 1px solid #1e2329;\">\n<p><strong>SALLAD<\/strong><\/p>\n<p>Bassallad<\/p>\n<p>Ruccolasallad<\/p>\n<p>Grekisk sallad<\/p>\n<hr \/>\n<p><strong>S\u00c5SER<\/strong><\/p>\n<p>\u00d6rts\u00e5s med Vitl\u00f6k<\/p>\n<p>Tzatziki<\/p>\n<p>Bearnaise<\/p>\n<p>Mangosalsa<\/p>\n<p>Basilika och feta kr\u00e4m<\/p>\n<p>Gr\u00e4dds\u00e5s<\/p>\n<hr \/>\n<p><strong>\u00d6VRIGT<\/strong><\/p>\n<p>Focaccia<\/p>\n<p>Painriche<\/p>\n<p>Grillbr\u00f6d<\/p>\n<hr \/>\n<p><strong>EFTERR\u00c4TT<\/strong><\/p>\n<p>Grillad banan med choklad och glass<\/p>\n<p>American Pancake<\/p>\n<p>Pannacotta<\/p>\n<p>Double chocolate p\u00e5 en hallonspegel<\/p>\n<\/div>\n<\/div>\n","protected":false},"excerpt":{"rendered":"<p>Alla Yst\u00e1 Grillarn\u00b4s produkter \u00e4r av h\u00f6gsta kvalitet och kommer direkt fr\u00e5n lokala leverant\u00f6rer i sk\u00e5ne, som sj\u00e4lv driver fram sina produkter fr\u00e5n grunden. Allt f\u00f6r att garantera kvalitet till kunden. Yst\u00e1 Grillarn\u00b4s koncept g\u00e5r ut p\u00e5 att kunderna v\u00e4ljer efter tycke och smak p\u00e5 en \u201dkryssmeny\u201d. P\u00e5 s\u00e5 vis kan ni komponera ihop en [&hellip;]<\/p>\n","protected":false},"author":1,"featured_media":0,"parent":0,"menu_order":1,"comment_status":"open","ping_status":"open","template":"","meta":{"footnotes":""},"class_list":["post-8","page","type-page","status-publish","hentry"],"_links":{"self":[{"href":"http:\/\/www.ystagrillarn.se\/index.php?rest_route=\/wp\/v2\/pages\/8","targetHints":{"allow":["GET"]}}],"collection":[{"href":"http:\/\/www.ystagrillarn.se\/index.php?rest_route=\/wp\/v2\/pages"}],"about":[{"href":"http:\/\/www.ystagrillarn.se\/index.php?rest_route=\/wp\/v2\/types\/page"}],"author":[{"embeddable":true,"href":"http:\/\/www.ystagrillarn.se\/index.php?rest_route=\/wp\/v2\/users\/1"}],"replies":[{"embeddable":true,"href":"http:\/\/www.ystagrillarn.se\/index.php?rest_route=%2Fwp%2Fv2%2Fcomments&post=8"}],"version-history":[{"count":39,"href":"http:\/\/www.ystagrillarn.se\/index.php?rest_route=\/wp\/v2\/pages\/8\/revisions"}],"predecessor-version":[{"id":190,"href":"http:\/\/www.ystagrillarn.se\/index.php?rest_route=\/wp\/v2\/pages\/8\/revisions\/190"}],"wp:attachment":[{"href":"http:\/\/www.ystagrillarn.se\/index.php?rest_route=%2Fwp%2Fv2%2Fmedia&parent=8"}],"curies":[{"name":"wp","href":"https:\/\/api.w.org\/{rel}","templated":true}]}}